{"id":34,"date":"2026-04-23T17:27:09","date_gmt":"2026-04-23T15:27:09","guid":{"rendered":"https:\/\/www.cdechecs29.fr\/?page_id=34"},"modified":"2026-04-24T08:19:06","modified_gmt":"2026-04-24T06:19:06","slug":"comite-departemental-du-jeu-dechecs-dans-le-finistere","status":"publish","type":"page","link":"https:\/\/www.cdechecs29.fr\/","title":{"rendered":"Comit\u00e9 D\u00e9partemental Du Jeu d&rsquo;Echecs Dans le Finist\u00e8re"},"content":{"rendered":"\n<h2 class=\"wp-block-heading\">Derni\u00e8res actualit\u00e9s<\/h2>\n\n\n<ul class=\"wp-block-latest-posts__list is-grid columns-3 wp-block-latest-posts\"><li><a class=\"wp-block-latest-posts__post-title\" href=\"https:\/\/www.cdechecs29.fr\/index.php\/2026\/04\/23\/les-tournois-rapides-du-printemps\/\">Les tournois rapides du printemps<\/a><\/li>\n<li><a class=\"wp-block-latest-posts__post-title\" href=\"https:\/\/www.cdechecs29.fr\/index.php\/2026\/04\/23\/inscriptions-a-saint-lo\/\">Inscriptions \u00e0 Saint-L\u00f4<\/a><\/li>\n<li><a class=\"wp-block-latest-posts__post-title\" href=\"https:\/\/www.cdechecs29.fr\/index.php\/2026\/04\/23\/retour-du-site-internet\/\">Retour du site internet<\/a><\/li>\n<\/ul>\n\n\n<div class=\"wp-block-columns has-text-color has-background has-link-color wp-elements-f738ab881273264934150d120dd0f5c7 is-layout-flex wp-container-core-columns-is-layout-9d6595d7 wp-block-columns-is-layout-flex\" style=\"color:#fcbd11;background-color:#1b2645\">\n<div class=\"wp-block-column is-layout-flow wp-block-column-is-layout-flow\">\n<h2 class=\"wp-block-heading\">Actus FFE<\/h2>\n\n\n<ul style=\"color:#abd7f5;\" class=\"wp-elements-4375a98eb7144d474823f7cb1a0b9327 wp-block-rss has-text-color\"><li class='wp-block-rss__item'><div class='wp-block-rss__item-title'><a href='https:\/\/echecs.asso.fr\/Actu.aspx?Ref=15928'>Campagne ANS \u2013 Projet Sportif F\u00e9d\u00e9ral 2026 : la FFE lance son appel \u00e0 projets<\/a><\/div><\/li><li class='wp-block-rss__item'><div class='wp-block-rss__item-title'><a href='https:\/\/echecs.asso.fr\/Actu.aspx?Ref=15930'>Pro Evolution \u00c9checs partenaire des commentaires du Championnat de France Jeunes<\/a><\/div><\/li><li class='wp-block-rss__item'><div class='wp-block-rss__item-title'><a href='https:\/\/echecs.asso.fr\/Actu.aspx?Ref=15757'>Les inscriptions pour le Championnat de France toutes cat\u00e9gories Vichy 2026 ouvriront le 4 mai<\/a><\/div><\/li><li class='wp-block-rss__item'><div class='wp-block-rss__item-title'><a href='https:\/\/echecs.asso.fr\/Actu.aspx?Ref=15933'>Championnat du monde d&#039;\u00c9checs v\u00e9t\u00e9rans par \u00e9quipes du 19 au 28 avril 2026<\/a><\/div><\/li><li class='wp-block-rss__item'><div class='wp-block-rss__item-title'><a href='https:\/\/echecs.asso.fr\/Actu.aspx?Ref=15929'>En replay : visio d\u2019information campagne ANS-PSF<\/a><\/div><\/li><\/ul><\/div>\n\n\n\n<div class=\"wp-block-column is-layout-flow wp-block-column-is-layout-flow\">\n<h2 class=\"wp-block-heading\">Actus Ligue de Bretagne<\/h2>\n\n\n<ul style=\"color:#abd7f5;\" class=\"wp-elements-0a6cbc210ca188ffb0b03f59cfcf4bdc wp-block-rss has-text-color\"><li class='wp-block-rss__item'><div class='wp-block-rss__item-title'><a href='https:\/\/echecs-bretagne.fr\/node\/3496'>17 mai 2026 : 14e open rapide de Guingamp Paimpol Agglom\u00e9ration<\/a><\/div><\/li><li class='wp-block-rss__item'><div class='wp-block-rss__item-title'><a href='https:\/\/echecs-bretagne.fr\/node\/3494'>14 mai 2026 : 4e open rapide de Pac\u00e9<\/a><\/div><\/li><li class='wp-block-rss__item'><div class='wp-block-rss__item-title'><a href='https:\/\/echecs-bretagne.fr\/node\/3493'>Bretagne Echecs Info n\u00b0177 &#8211; 17 avril 2026<\/a><\/div><\/li><li class='wp-block-rss__item'><div class='wp-block-rss__item-title'><a href='https:\/\/echecs-bretagne.fr\/node\/3489'>Bretagne Echecs R\u00e9sultats n\u00b0362 &#8211; 16 avril 2026 (interclubs jeunes, championnats d\u00e9partementaux, Brest, Ille et Mat)<\/a><\/div><\/li><li class='wp-block-rss__item'><div class='wp-block-rss__item-title'><a href='https:\/\/echecs-bretagne.fr\/node\/3492'>1er mai 2026 : 30e open rapide de Vitr\u00e9<\/a><\/div><\/li><\/ul><\/div>\n<\/div>\n","protected":false},"excerpt":{"rendered":"<p>Derni\u00e8res actualit\u00e9s Actus FFE Actus Ligue de Bretagne<\/p>\n","protected":false},"author":1,"featured_media":0,"parent":0,"menu_order":0,"comment_status":"closed","ping_status":"closed","template":"","meta":{"footnotes":""},"class_list":["post-34","page","type-page","status-publish"],"_links":{"self":[{"href":"https:\/\/www.cdechecs29.fr\/index.php\/wp-json\/wp\/v2\/pages\/34","targetHints":{"allow":["GET"]}}],"collection":[{"href":"https:\/\/www.cdechecs29.fr\/index.php\/wp-json\/wp\/v2\/pages"}],"about":[{"href":"https:\/\/www.cdechecs29.fr\/index.php\/wp-json\/wp\/v2\/types\/page"}],"author":[{"embeddable":true,"href":"https:\/\/www.cdechecs29.fr\/index.php\/wp-json\/wp\/v2\/users\/1"}],"replies":[{"embeddable":true,"href":"https:\/\/www.cdechecs29.fr\/index.php\/wp-json\/wp\/v2\/comments?post=34"}],"version-history":[{"count":4,"href":"https:\/\/www.cdechecs29.fr\/index.php\/wp-json\/wp\/v2\/pages\/34\/revisions"}],"predecessor-version":[{"id":53,"href":"https:\/\/www.cdechecs29.fr\/index.php\/wp-json\/wp\/v2\/pages\/34\/revisions\/53"}],"wp:attachment":[{"href":"https:\/\/www.cdechecs29.fr\/index.php\/wp-json\/wp\/v2\/media?parent=34"}],"curies":[{"name":"wp","href":"https:\/\/api.w.org\/{rel}","templated":true}]}}